{"id":8,"date":"2023-01-16T14:30:37","date_gmt":"2023-01-16T14:30:37","guid":{"rendered":"https:\/\/paroisse22.initiatives21.fr\/?page_id=8"},"modified":"2024-01-16T18:37:49","modified_gmt":"2024-01-16T17:37:49","slug":"feuille-paroissiale","status":"publish","type":"page","link":"https:\/\/sainteelisabethdijon.fr\/index.php\/feuille-paroissiale\/","title":{"rendered":"feuille paroissiale"},"content":{"rendered":"\n<p>La feuille paroissiale du mois en cours est disponible ci-dessous, elle contient toutes les \u00e9v\u00e8nements importants de la paroisse. Si vous souhaitez consulter les feuilles paroissiales ant\u00e9rieures cliquez-ici<\/p>\n\n\n<ul class=\"wp-block-latest-posts__list wp-block-latest-posts\"><li><a class=\"wp-block-latest-posts__post-title\" href=\"https:\/\/sainteelisabethdijon.fr\/index.php\/2026\/04\/02\/feuille-paroissiale-avril-2026\/\">Feuille paroissiale Avril 2026<\/a><div class=\"wp-block-latest-posts__post-full-content\"><!-- wp:file {\"id\":420,\"href\":\"https:\/\/sainteelisabethdijon.fr\/wp-content\/uploads\/2026\/04\/Bulletin-04-2026.pdf\",\"displayPreview\":true} -->\n<div class=\"wp-block-file\"><object class=\"wp-block-file__embed\" data=\"https:\/\/sainteelisabethdijon.fr\/wp-content\/uploads\/2026\/04\/Bulletin-04-2026.pdf\" type=\"application\/pdf\" style=\"width:100%;height:600px\" aria-label=\"Bulletin-04-2026\"><\/object><a id=\"wp-block-file--media-12b79c30-f17c-4157-8f30-834790984db2\" href=\"https:\/\/sainteelisabethdijon.fr\/wp-content\/uploads\/2026\/04\/Bulletin-04-2026.pdf\">Bulletin-04-2026<\/a><a href=\"https:\/\/sainteelisabethdijon.fr\/wp-content\/uploads\/2026\/04\/Bulletin-04-2026.pdf\" class=\"wp-block-file__button wp-element-button\" download aria-describedby=\"wp-block-file--media-12b79c30-f17c-4157-8f30-834790984db2\">T\u00e9l\u00e9charger<\/a><\/div>\n<!-- \/wp:file --><\/div><\/li>\n<li><a class=\"wp-block-latest-posts__post-title\" href=\"https:\/\/sainteelisabethdijon.fr\/index.php\/2026\/03\/04\/feuille-paroissiale-mars-2026\/\">Feuille paroissiale Mars 2026<\/a><div class=\"wp-block-latest-posts__post-full-content\"><!-- wp:file {\"id\":409,\"href\":\"https:\/\/sainteelisabethdijon.fr\/wp-content\/uploads\/2026\/03\/Bulletin-03-2026.pdf\",\"displayPreview\":true} -->\n<div class=\"wp-block-file\"><object class=\"wp-block-file__embed\" data=\"https:\/\/sainteelisabethdijon.fr\/wp-content\/uploads\/2026\/03\/Bulletin-03-2026.pdf\" type=\"application\/pdf\" style=\"width:100%;height:600px\" aria-label=\"Bulletin-03-2026\"><\/object><a id=\"wp-block-file--media-e401b5a8-e40f-4672-9666-299d6c2c4a4a\" href=\"https:\/\/sainteelisabethdijon.fr\/wp-content\/uploads\/2026\/03\/Bulletin-03-2026.pdf\">Bulletin-03-2026<\/a><a href=\"https:\/\/sainteelisabethdijon.fr\/wp-content\/uploads\/2026\/03\/Bulletin-03-2026.pdf\" class=\"wp-block-file__button wp-element-button\" download aria-describedby=\"wp-block-file--media-e401b5a8-e40f-4672-9666-299d6c2c4a4a\">T\u00e9l\u00e9charger<\/a><\/div>\n<!-- \/wp:file --><\/div><\/li>\n<li><a class=\"wp-block-latest-posts__post-title\" href=\"https:\/\/sainteelisabethdijon.fr\/index.php\/2026\/02\/03\/feuille-paroissiale-fevrier-2026\/\">Feuille paroissiale F\u00e9vrier 2026<\/a><div class=\"wp-block-latest-posts__post-full-content\"><!-- wp:file {\"id\":406,\"href\":\"https:\/\/sainteelisabethdijon.fr\/wp-content\/uploads\/2026\/02\/Bulletin-02-2026.pdf\",\"displayPreview\":true} -->\n<div class=\"wp-block-file\"><object class=\"wp-block-file__embed\" data=\"https:\/\/sainteelisabethdijon.fr\/wp-content\/uploads\/2026\/02\/Bulletin-02-2026.pdf\" type=\"application\/pdf\" style=\"width:100%;height:600px\" aria-label=\"Bulletin-02-2026\"><\/object><a id=\"wp-block-file--media-377b7597-5c7a-4c5b-a08d-3092862ac217\" href=\"https:\/\/sainteelisabethdijon.fr\/wp-content\/uploads\/2026\/02\/Bulletin-02-2026.pdf\">Bulletin-02-2026<\/a><a href=\"https:\/\/sainteelisabethdijon.fr\/wp-content\/uploads\/2026\/02\/Bulletin-02-2026.pdf\" class=\"wp-block-file__button wp-element-button\" download aria-describedby=\"wp-block-file--media-377b7597-5c7a-4c5b-a08d-3092862ac217\">T\u00e9l\u00e9charger<\/a><\/div>\n<!-- \/wp:file --><\/div><\/li>\n<li><a class=\"wp-block-latest-posts__post-title\" href=\"https:\/\/sainteelisabethdijon.fr\/index.php\/2026\/01\/06\/feuille-paroissiale-janvier-2026\/\">Feuille paroissiale Janvier 2026<\/a><div class=\"wp-block-latest-posts__post-full-content\"><!-- wp:file {\"id\":385,\"href\":\"https:\/\/sainteelisabethdijon.fr\/wp-content\/uploads\/2026\/01\/Bulletin-01-2026.pdf\",\"displayPreview\":true} -->\n<div class=\"wp-block-file\"><object class=\"wp-block-file__embed\" data=\"https:\/\/sainteelisabethdijon.fr\/wp-content\/uploads\/2026\/01\/Bulletin-01-2026.pdf\" type=\"application\/pdf\" style=\"width:100%;height:600px\" aria-label=\"Bulletin-01-2026\"><\/object><a id=\"wp-block-file--media-5dc9a9c1-6f8d-4f9f-84c7-0e7339aac63a\" href=\"https:\/\/sainteelisabethdijon.fr\/wp-content\/uploads\/2026\/01\/Bulletin-01-2026.pdf\">Bulletin-01-2026<\/a><a href=\"https:\/\/sainteelisabethdijon.fr\/wp-content\/uploads\/2026\/01\/Bulletin-01-2026.pdf\" class=\"wp-block-file__button wp-element-button\" download aria-describedby=\"wp-block-file--media-5dc9a9c1-6f8d-4f9f-84c7-0e7339aac63a\">T\u00e9l\u00e9charger<\/a><\/div>\n<!-- \/wp:file --><\/div><\/li>\n<li><a class=\"wp-block-latest-posts__post-title\" href=\"https:\/\/sainteelisabethdijon.fr\/index.php\/2025\/12\/06\/feuille-paroissiale-decembre-2025\/\">Feuille paroissiale D\u00e9cembre 2025<\/a><div class=\"wp-block-latest-posts__post-full-content\"><!-- wp:file {\"id\":377,\"href\":\"https:\/\/sainteelisabethdijon.fr\/wp-content\/uploads\/2025\/12\/Bulletin-12-2025.pdf\",\"displayPreview\":true} -->\n<div class=\"wp-block-file\"><object class=\"wp-block-file__embed\" data=\"https:\/\/sainteelisabethdijon.fr\/wp-content\/uploads\/2025\/12\/Bulletin-12-2025.pdf\" type=\"application\/pdf\" style=\"width:100%;height:600px\" aria-label=\"Bulletin-12-2025\"><\/object><a id=\"wp-block-file--media-f114f5d0-a574-489c-a3f6-3204f10dccc3\" href=\"https:\/\/sainteelisabethdijon.fr\/wp-content\/uploads\/2025\/12\/Bulletin-12-2025.pdf\">Bulletin-12-2025<\/a><a href=\"https:\/\/sainteelisabethdijon.fr\/wp-content\/uploads\/2025\/12\/Bulletin-12-2025.pdf\" class=\"wp-block-file__button wp-element-button\" download aria-describedby=\"wp-block-file--media-f114f5d0-a574-489c-a3f6-3204f10dccc3\">T\u00e9l\u00e9charger<\/a><\/div>\n<!-- \/wp:file --><\/div><\/li>\n<\/ul>","protected":false},"excerpt":{"rendered":"<p>La feuille paroissiale du mois en cours est disponible ci-dessous, elle contient toutes les \u00e9v\u00e8nements importants de la paroisse. Si vous souhaitez consulter les feuilles paroissiales ant\u00e9rieures cliquez-ici<\/p>\n","protected":false},"author":2,"featured_media":0,"parent":0,"menu_order":0,"comment_status":"closed","ping_status":"closed","template":"","meta":{"footnotes":""},"class_list":["post-8","page","type-page","status-publish","hentry"],"_links":{"self":[{"href":"https:\/\/sainteelisabethdijon.fr\/index.php\/wp-json\/wp\/v2\/pages\/8","targetHints":{"allow":["GET"]}}],"collection":[{"href":"https:\/\/sainteelisabethdijon.fr\/index.php\/wp-json\/wp\/v2\/pages"}],"about":[{"href":"https:\/\/sainteelisabethdijon.fr\/index.php\/wp-json\/wp\/v2\/types\/page"}],"author":[{"embeddable":true,"href":"https:\/\/sainteelisabethdijon.fr\/index.php\/wp-json\/wp\/v2\/users\/2"}],"replies":[{"embeddable":true,"href":"https:\/\/sainteelisabethdijon.fr\/index.php\/wp-json\/wp\/v2\/comments?post=8"}],"version-history":[{"count":3,"href":"https:\/\/sainteelisabethdijon.fr\/index.php\/wp-json\/wp\/v2\/pages\/8\/revisions"}],"predecessor-version":[{"id":261,"href":"https:\/\/sainteelisabethdijon.fr\/index.php\/wp-json\/wp\/v2\/pages\/8\/revisions\/261"}],"wp:attachment":[{"href":"https:\/\/sainteelisabethdijon.fr\/index.php\/wp-json\/wp\/v2\/media?parent=8"}],"curies":[{"name":"wp","href":"https:\/\/api.w.org\/{rel}","templated":true}]}}