{"id":21,"date":"2023-01-17T11:14:56","date_gmt":"2023-01-17T11:14:56","guid":{"rendered":"https:\/\/paroisse22.initiatives21.fr\/?page_id=21"},"modified":"2025-07-01T18:49:30","modified_gmt":"2025-07-01T16:49:30","slug":"vie-paroissiale","status":"publish","type":"page","link":"https:\/\/sainteelisabethdijon.fr\/index.php\/vie-paroissiale\/","title":{"rendered":"Vie paroissiale"},"content":{"rendered":"\n<h3 class=\"wp-block-heading\">Messe des familles<\/h3>\n\n\n\n<p>La messe du 1er dimanche de chaque mois est sp\u00e9cialement adapt\u00e9e aux enfants, avec une animation et une liturgie de la parole d\u00e9di\u00e9es.<\/p>\n\n\n\n<h3 class=\"wp-block-heading\">3-7 ans, \u00e9veil \u00e0 la foi<\/h3>\n\n\n\n<p>Les enfants de 3 \u00e0 7 ans sont accueillis pendant la messe dominicale et b\u00e9n\u00e9ficient d&rsquo;une liturgie de la parole adapt\u00e9e \u00e0 leur \u00e2ge.<\/p>\n\n\n\n<h3 class=\"wp-block-heading\">8-11 ans, cat\u00e9chisme<\/h3>\n\n\n\n<p>Le cat\u00e9chisme a lieu chaque mardi pendant l&rsquo;ann\u00e9e scolaire, hors vacances, de 17h30 \u00e0 18h30.<\/p>\n\n\n\n<p>Les inscriptions sont re\u00e7ues \u00e0 l&rsquo;accueil de la paroisse chaque mardi entre 17h00 et 18h30.<\/p>\n\n\n\n<p>Les enfants 8 \u00e0 11 ans sont accueillis pendant la messe dominicale et b\u00e9n\u00e9ficient d&rsquo;une liturgie de la parole adapt\u00e9e \u00e0 leur \u00e2ge.<\/p>\n\n\n\n<h3 class=\"wp-block-heading\">Secours Catholique<\/h3>\n\n\n\n<p>La permanence du Secours Catholique se tient les vendredis apr\u00e8s-midi de 14h \u00e0 17h.<\/p>\n\n\n\n<h3 class=\"wp-block-heading\">Chorale \u00c9likya<\/h3>\n\n\n\n<p>La chorale franco-africaine \u00c9likya r\u00e9p\u00e8te dans les locaux de la paroisse tous les dimanches apr\u00e8s-midi.<\/p>\n\n\n\n<p><\/p>\n","protected":false},"excerpt":{"rendered":"<p>Messe des familles La messe du 1er dimanche de chaque mois est sp\u00e9cialement adapt\u00e9e aux enfants, avec une animation et une liturgie de la parole d\u00e9di\u00e9es. 3-7 ans, \u00e9veil \u00e0 la foi Les enfants de 3 \u00e0 7 ans sont accueillis pendant la messe dominicale et b\u00e9n\u00e9ficient d&rsquo;une liturgie de la parole adapt\u00e9e \u00e0 leur [&hellip;]<\/p>\n","protected":false},"author":2,"featured_media":0,"parent":0,"menu_order":0,"comment_status":"closed","ping_status":"closed","template":"","meta":{"footnotes":""},"class_list":["post-21","page","type-page","status-publish","hentry"],"_links":{"self":[{"href":"https:\/\/sainteelisabethdijon.fr\/index.php\/wp-json\/wp\/v2\/pages\/21","targetHints":{"allow":["GET"]}}],"collection":[{"href":"https:\/\/sainteelisabethdijon.fr\/index.php\/wp-json\/wp\/v2\/pages"}],"about":[{"href":"https:\/\/sainteelisabethdijon.fr\/index.php\/wp-json\/wp\/v2\/types\/page"}],"author":[{"embeddable":true,"href":"https:\/\/sainteelisabethdijon.fr\/index.php\/wp-json\/wp\/v2\/users\/2"}],"replies":[{"embeddable":true,"href":"https:\/\/sainteelisabethdijon.fr\/index.php\/wp-json\/wp\/v2\/comments?post=21"}],"version-history":[{"count":5,"href":"https:\/\/sainteelisabethdijon.fr\/index.php\/wp-json\/wp\/v2\/pages\/21\/revisions"}],"predecessor-version":[{"id":355,"href":"https:\/\/sainteelisabethdijon.fr\/index.php\/wp-json\/wp\/v2\/pages\/21\/revisions\/355"}],"wp:attachment":[{"href":"https:\/\/sainteelisabethdijon.fr\/index.php\/wp-json\/wp\/v2\/media?parent=21"}],"curies":[{"name":"wp","href":"https:\/\/api.w.org\/{rel}","templated":true}]}}